{"id":73111,"date":"2021-06-26T08:23:04","date_gmt":"2021-06-26T07:23:04","guid":{"rendered":"https:\/\/exclusivelabel.site\/?post_type=product&#038;p=73111"},"modified":"2021-07-03T08:14:52","modified_gmt":"2021-07-03T07:14:52","slug":"kikiwi","status":"publish","type":"product","link":"https:\/\/exclusivelabel.site\/hu\/termek\/kikiwi\/","title":{"rendered":"Kikiwi\u2122"},"content":{"rendered":"<p>Nejlep\u0161\u00ed laserov\u00fd epil\u00e1tor pro rychlou a 100% bezbolestnou epilaci z pohodl\u00ed domova. Kikiwi epil\u00e1tor pou\u017e\u00edv\u00e1 klinicky ov\u011b\u0159enou technologii IPL, kterou pou\u017e\u00edvaj\u00ed dermatologov\u00e9 a kosmetick\u00e9 salony. 5 \u00farovn\u00ed intenzity podle tolerance poko\u017eky. Pro v\u0161echny odst\u00edny poko\u017eky. Rychle a \u00fa\u010dinn\u011b zastavuje r\u016fst chloupk\u016f. Bezpe\u010dn\u00e9 pou\u017eit\u00ed na v\u0161ech \u010d\u00e1stech t\u011bla: Linie bikin, Obli\u010dej, Nohy, Pa\u017ee, Podpa\u017e\u00ed, Z\u00e1da. U\u017e \u017e\u00e1dn\u00e9 holen\u00ed, jen hedv\u00e1bn\u011b hladk\u00e1 poko\u017eka.<\/p>","protected":false},"excerpt":{"rendered":"<p>Kikiwi &#8211; Laserov\u00fd IPL Epil\u00e1tor &#8211; 100% Bezbolestn\u00e9 Odstran\u011bn\u00ed chloupk\u016f. Pro Epilaci V\u0161ech \u010c\u00e1st\u00ed T\u011bla: Linie bikin, Obli\u010dej, Nohy, Pa\u017ee, Podpa\u017e\u00ed, Z\u00e1da<\/p>","protected":false},"featured_media":73170,"comment_status":"open","ping_status":"closed","template":"","meta":[],"product_cat":[269],"product_tag":[259],"_links":{"self":[{"href":"https:\/\/exclusivelabel.site\/hu\/wp-json\/wp\/v2\/product\/73111"}],"collection":[{"href":"https:\/\/exclusivelabel.site\/hu\/wp-json\/wp\/v2\/product"}],"about":[{"href":"https:\/\/exclusivelabel.site\/hu\/wp-json\/wp\/v2\/types\/product"}],"replies":[{"embeddable":true,"href":"https:\/\/exclusivelabel.site\/hu\/wp-json\/wp\/v2\/comments?post=73111"}],"version-history":[{"count":2,"href":"https:\/\/exclusivelabel.site\/hu\/wp-json\/wp\/v2\/product\/73111\/revisions"}],"predecessor-version":[{"id":76089,"href":"https:\/\/exclusivelabel.site\/hu\/wp-json\/wp\/v2\/product\/73111\/revisions\/76089"}],"wp:featuredmedia":[{"embeddable":true,"href":"https:\/\/exclusivelabel.site\/hu\/wp-json\/wp\/v2\/media\/73170"}],"wp:attachment":[{"href":"https:\/\/exclusivelabel.site\/hu\/wp-json\/wp\/v2\/media?parent=73111"}],"wp:term":[{"taxonomy":"product_cat","embeddable":true,"href":"https:\/\/exclusivelabel.site\/hu\/wp-json\/wp\/v2\/product_cat?post=73111"},{"taxonomy":"product_tag","embeddable":true,"href":"https:\/\/exclusivelabel.site\/hu\/wp-json\/wp\/v2\/product_tag?post=73111"}],"curies":[{"name":"wp","href":"https:\/\/api.w.org\/{rel}","templated":true}]}}